{"id":495,"date":"2024-02-13T10:26:37","date_gmt":"2024-02-13T10:26:37","guid":{"rendered":"https:\/\/zielfilm.com\/?page_id=495"},"modified":"2024-02-27T10:05:08","modified_gmt":"2024-02-27T10:05:08","slug":"datenschutzerklarung","status":"publish","type":"page","link":"https:\/\/zielfilm.com\/en\/datenschutzerklarung\/","title":{"rendered":"privacy policy"},"content":{"rendered":"<div data-elementor-type=\"wp-page\" data-elementor-id=\"495\" class=\"elementor elementor-495\" data-elementor-settings=\"{&quot;ha_cmc_init_switcher&quot;:&quot;no&quot;}\">\n\t\t\t\t\t\t<section class=\"elementor-section elementor-top-section elementor-element elementor-element-f650094 elementor-section-boxed elementor-section-height-default elementor-section-height-default\" data-id=\"f650094\" data-element_type=\"section\" data-settings=\"{&quot;_ha_eqh_enable&quot;:false}\">\n\t\t\t\t\t\t<div class=\"elementor-container elementor-column-gap-default\">\n\t\t\t\t\t<div class=\"elementor-column elementor-col-100 elementor-top-column elementor-element elementor-element-6930004\" data-id=\"6930004\" data-element_type=\"column\">\n\t\t\t<div class=\"elementor-widget-wrap elementor-element-populated\">\n\t\t\t\t\t\t<div class=\"elementor-element elementor-element-5c91698 elementor-widget elementor-widget-heading\" data-id=\"5c91698\" data-element_type=\"widget\" data-widget_type=\"heading.default\">\n\t\t\t\t<div class=\"elementor-widget-container\">\n\t\t\t\t\t<h2 class=\"elementor-heading-title elementor-size-default\">privacy policy<\/h2>\t\t\t\t<\/div>\n\t\t\t\t<\/div>\n\t\t\t\t<section class=\"elementor-section elementor-inner-section elementor-element elementor-element-ef17f58 elementor-section-boxed elementor-section-height-default elementor-section-height-default\" data-id=\"ef17f58\" data-element_type=\"section\" data-settings=\"{&quot;background_background&quot;:&quot;classic&quot;,&quot;_ha_eqh_enable&quot;:false}\">\n\t\t\t\t\t\t<div class=\"elementor-container elementor-column-gap-default\">\n\t\t\t\t\t<div class=\"elementor-column elementor-col-100 elementor-inner-column elementor-element elementor-element-8aeab4f\" data-id=\"8aeab4f\" data-element_type=\"column\">\n\t\t\t<div class=\"elementor-widget-wrap elementor-element-populated\">\n\t\t\t\t\t\t<div class=\"elementor-element elementor-element-02c3bdd elementor-widget elementor-widget-heading\" data-id=\"02c3bdd\" data-element_type=\"widget\" data-widget_type=\"heading.default\">\n\t\t\t\t<div class=\"elementor-widget-container\">\n\t\t\t\t\t<p class=\"elementor-heading-title elementor-size-default\">The controller within the meaning of the data protection laws, in particular the EU\nGeneral Data Protection Regulation (GDPR), is:\n\nFrank Haller\n\nHobrechtsrasse 58\n\n12047 Berlin\n\nPhone: +49 (0)15229583777\n\nE-mail: info@zielfilm.com\n\nSales tax identification number: DE24864277\n\nCollection of general information when visiting our website:\nIn accordance with our legal obligation, we would like to inform you\nabout the collection and use of your personal data.\ninformation.\n\nNature and purpose of processing:\nWhen you access our website, i.e. if you do not register\nor otherwise transmit information, information of a general\ninformation of a general nature is automatically collected. This information (server log files)\ninclude the type of web browser, the operating system used, the domain name of your\ndomain name of your Internet service provider, your IP address and similar information.\n\nAny input of data by you on our website is voluntary; the non-disclosure of your\nThere are no disadvantages for you if you do not disclose your data. Without\ncertain data, however, it is not possible for us to provide services or conclude\nconclude contracts. We will inform you of such mandatory information\nin each case.\n\nThey are processed for the following purposes in particular:\n1. ensuring a smooth connection to the website,\n2. to ensure the smooth use of our website\n3. to analyse system security and stability and\n4. to optimise our website. We do not use your data\n\nto draw conclusions about your person.\nInformation of this kind may be anonymised and statistically evaluated by us in order to\nanonymised in order to optimise our website and the technology behind it.\noptimise it.\nOn this website, the user's personal data is only processed within the\nthe applicable data protection law, in particular the\nGeneral Data Protection Regulation (GDPR). The technical terms used in the text\ntechnical terms used in the text are explained in more detail in Art. 4 of the GDPR.\n\nLegal basis and legitimate interest\nProcessing is carried out in accordance with Art. 6 para. 1 lit. f GDPR on the basis of our\nlegitimate interest in improving the stability and functionality of\nof our website.\n\nRecipients:\nRecipients of the data may be technical service providers who act as processors for the operation and\nmaintenance of our website as processors.\n\nStorage period:\nThe data is deleted as soon as it is no longer required for the purpose for which it was collected.\nare no longer required. This is generally the case for the data used to provide the website\nThis is generally the case when the respective session has ended.\n\nProvision prescribed or required :\nThe provision of the aforementioned personal data is neither legally\nrequired by law or contract. Without the IP address, however, the\nservice and the functionality of our website cannot be guaranteed. In addition\nindividual services may not be available or may be restricted.\nFor this reason, an objection is excluded.\n\nRights of data subjects\n\nYou have the following rights vis-\u00e0-vis us with regard to your personal data\n\n- Right of access (Art. 15 GDPR)\n\n- Right to rectification (Art. 16 GDPR) or erasure (Art. 17 GDPR)\n\n- Right to restriction of processing (Art. 18 GDPR)\n\n- Right to object to the processing (Art. 21 GDPR)\n\n- Right to data portability (Art. 20 GDPR)\n\n- Right to withdraw consent given at any time (Art. 7 para. 3 GDPR)\n\n- Right to complain to a data protection supervisory authority about the processing of your personal data by us (Art. 77 GDPR)\n\nYou can assert these rights using any of the above-mentioned\n\ncommunication channel offered by us.<br \/>Datenschutzgrundverordnung (DSGVO), ist:<\/p>\t\t\t\t<\/div>\n\t\t\t\t<\/div>\n\t\t\t\t<div class=\"elementor-element elementor-element-28fd645 elementor-widget elementor-widget-heading\" data-id=\"28fd645\" data-element_type=\"widget\" data-widget_type=\"heading.default\">\n\t\t\t\t<div class=\"elementor-widget-container\">\n\t\t\t\t\t<p class=\"elementor-heading-title elementor-size-default\">Frank Haller<\/p>\t\t\t\t<\/div>\n\t\t\t\t<\/div>\n\t\t\t\t<div class=\"elementor-element elementor-element-87d8084 elementor-widget elementor-widget-heading\" data-id=\"87d8084\" data-element_type=\"widget\" data-widget_type=\"heading.default\">\n\t\t\t\t<div class=\"elementor-widget-container\">\n\t\t\t\t\t<p class=\"elementor-heading-title elementor-size-default\">Hobrechtsrasse 58<\/p>\t\t\t\t<\/div>\n\t\t\t\t<\/div>\n\t\t\t\t<div class=\"elementor-element elementor-element-169fbd7 elementor-widget elementor-widget-heading\" data-id=\"169fbd7\" data-element_type=\"widget\" data-widget_type=\"heading.default\">\n\t\t\t\t<div class=\"elementor-widget-container\">\n\t\t\t\t\t<p class=\"elementor-heading-title elementor-size-default\">12047 Berlin<\/p>\t\t\t\t<\/div>\n\t\t\t\t<\/div>\n\t\t\t\t<div class=\"elementor-element elementor-element-50a91b8 elementor-widget elementor-widget-heading\" data-id=\"50a91b8\" data-element_type=\"widget\" data-widget_type=\"heading.default\">\n\t\t\t\t<div class=\"elementor-widget-container\">\n\t\t\t\t\t<p class=\"elementor-heading-title elementor-size-default\"><a href=\"\">Telefon: +49 (0)15229583777<\/a><\/p>\t\t\t\t<\/div>\n\t\t\t\t<\/div>\n\t\t\t\t<div class=\"elementor-element elementor-element-9e89f9b elementor-widget elementor-widget-heading\" data-id=\"9e89f9b\" data-element_type=\"widget\" data-widget_type=\"heading.default\">\n\t\t\t\t<div class=\"elementor-widget-container\">\n\t\t\t\t\t<p class=\"elementor-heading-title elementor-size-default\"><a href=\"mailto:%20info@zielfilm.com\">E-mail: info@zielfilm.com<\/a><\/p>\t\t\t\t<\/div>\n\t\t\t\t<\/div>\n\t\t\t\t<div class=\"elementor-element elementor-element-52e0e13 elementor-widget elementor-widget-heading\" data-id=\"52e0e13\" data-element_type=\"widget\" data-widget_type=\"heading.default\">\n\t\t\t\t<div class=\"elementor-widget-container\">\n\t\t\t\t\t<p class=\"elementor-heading-title elementor-size-default\">Umsatzsteueridentifikationsnummer:\nDE24864277\n<\/p>\t\t\t\t<\/div>\n\t\t\t\t<\/div>\n\t\t\t\t<div class=\"elementor-element elementor-element-ad9890c elementor-widget elementor-widget-heading\" data-id=\"ad9890c\" data-element_type=\"widget\" data-widget_type=\"heading.default\">\n\t\t\t\t<div class=\"elementor-widget-container\">\n\t\t\t\t\t<h2 class=\"elementor-heading-title elementor-size-default\">Erfassung allgemeiner Informationen beim Besuch unserer Website:<\/h2>\t\t\t\t<\/div>\n\t\t\t\t<\/div>\n\t\t\t\t<div class=\"elementor-element elementor-element-c0d895d elementor-widget elementor-widget-heading\" data-id=\"c0d895d\" data-element_type=\"widget\" data-widget_type=\"heading.default\">\n\t\t\t\t<div class=\"elementor-widget-container\">\n\t\t\t\t\t<p class=\"elementor-heading-title elementor-size-default\">Wir m\u00f6chten Sie in \u00dcbereinstimmung mit unserer gesetzlichen Verpflichtung<br \/> \u00fcber die Erhebung und Verwendung Ihrer personenbezogenen Daten <br \/>informieren.<\/p>\t\t\t\t<\/div>\n\t\t\t\t<\/div>\n\t\t\t\t<div class=\"elementor-element elementor-element-091e02b elementor-widget elementor-widget-heading\" data-id=\"091e02b\" data-element_type=\"widget\" data-widget_type=\"heading.default\">\n\t\t\t\t<div class=\"elementor-widget-container\">\n\t\t\t\t\t<h2 class=\"elementor-heading-title elementor-size-default\">Art und Zweck der Verarbeitung:<\/h2>\t\t\t\t<\/div>\n\t\t\t\t<\/div>\n\t\t\t\t<div class=\"elementor-element elementor-element-6702cad elementor-widget elementor-widget-heading\" data-id=\"6702cad\" data-element_type=\"widget\" data-widget_type=\"heading.default\">\n\t\t\t\t<div class=\"elementor-widget-container\">\n\t\t\t\t\t<p class=\"elementor-heading-title elementor-size-default\">Wenn Sie auf unsere Website zugreifen, d.h., wenn Sie sich nicht registrieren<br \/> oder anderweitig Informationen \u00fcbermitteln, werden automatisch<br \/> Informationen allgemeiner Natur erfasst. Diese Informationen (Server-Logfiles) <br \/>beinhalten etwa die Art des Webbrowsers, das verwendete Betriebssystem, den<br \/> Domainnamen Ihres Internet-Service-Providers, Ihre IP-Adresse und \u00e4hnliches.<\/p>\t\t\t\t<\/div>\n\t\t\t\t<\/div>\n\t\t\t\t<div class=\"elementor-element elementor-element-3f59ddb elementor-widget elementor-widget-heading\" data-id=\"3f59ddb\" data-element_type=\"widget\" data-widget_type=\"heading.default\">\n\t\t\t\t<div class=\"elementor-widget-container\">\n\t\t\t\t\t<p class=\"elementor-heading-title elementor-size-default\">Jegliche Eingabe von Daten durch Sie auf unserer Website ist freiwillig, es<br \/> treten durch die Nichtpreisgabe Ihrer Daten f\u00fcr Sie keine Nachteile ein. Ohne<br \/> bestimmte Daten ist es uns aber nicht m\u00f6glich, Leistungen zu erbringen oder <br \/>Vertr\u00e4ge zu schlie\u00dfen. Auf derartige Pflichtangaben werden wir Sie jeweils <br \/>hinweisen.<\/p>\t\t\t\t<\/div>\n\t\t\t\t<\/div>\n\t\t\t\t<div class=\"elementor-element elementor-element-2260082 elementor-widget elementor-widget-heading\" data-id=\"2260082\" data-element_type=\"widget\" data-widget_type=\"heading.default\">\n\t\t\t\t<div class=\"elementor-widget-container\">\n\t\t\t\t\t<h2 class=\"elementor-heading-title elementor-size-default\">Sie werden insbesondere zu folgenden Zwecken verarbeitet:<\/h2>\t\t\t\t<\/div>\n\t\t\t\t<\/div>\n\t\t\t\t<div class=\"elementor-element elementor-element-15c146f elementor-widget elementor-widget-heading\" data-id=\"15c146f\" data-element_type=\"widget\" data-widget_type=\"heading.default\">\n\t\t\t\t<div class=\"elementor-widget-container\">\n\t\t\t\t\t<p class=\"elementor-heading-title elementor-size-default\">1. Sicherstellung eines problemlosen Verbindungsaufbaus der Website, <br \/>\t2. Sicherstellung einer reibungslosen Nutzung unserer Website, <br>3. Auswertung der Systemsicherheit und -stabilit\u00e4t sowie <br \/>4. zur Optimierung unserer Website. Wir verwenden Ihre Daten nicht,<br \/><br \/> um R\u00fcckschl\u00fcsse auf Ihre Person zu ziehen.<br \/> Informationen dieser Art werden von uns ggfs. anonymisiert statistisch<br \/> ausgewertet, um unseren Internetauftritt und die dahinterstehende Technik zu <br \/>optimieren. <br \/>Auf dieser Webseite werden personenbezogene Daten des Nutzers nur im<br \/> Rahmen des geltenden Datenschutzrechts, insbesondere der <br \/>Datenschutzgrundverordnung (DSGVO), erhoben. Die in dem Text<br \/> verwendeten Fachbegriffe werden in Art. 4 der DSGVO n\u00e4her erl\u00e4utert.<\/p>\t\t\t\t<\/div>\n\t\t\t\t<\/div>\n\t\t\t\t<div class=\"elementor-element elementor-element-e6ebb14 elementor-widget elementor-widget-heading\" data-id=\"e6ebb14\" data-element_type=\"widget\" data-widget_type=\"heading.default\">\n\t\t\t\t<div class=\"elementor-widget-container\">\n\t\t\t\t\t<p class=\"elementor-heading-title elementor-size-default\"><b>Rechtsgrundlage und berechtigtes Interesse<\/b><br \/> Die Verarbeitung erfolgt gem\u00e4\u00df Art. 6 Abs. 1 lit. f DSGVO auf Basis unseres <br \/>berechtigten Interesses an der Verbesserung der Stabilit\u00e4t und Funktionalit\u00e4t <br \/>unserer Website.<\/p>\t\t\t\t<\/div>\n\t\t\t\t<\/div>\n\t\t\t\t<div class=\"elementor-element elementor-element-a0a836c elementor-widget elementor-widget-heading\" data-id=\"a0a836c\" data-element_type=\"widget\" data-widget_type=\"heading.default\">\n\t\t\t\t<div class=\"elementor-widget-container\">\n\t\t\t\t\t<p class=\"elementor-heading-title elementor-size-default\"><b>Empf\u00e4nger:<\/b><br \/> Empf\u00e4nger der Daten sind ggf. technische Dienstleister, die f\u00fcr den Betrieb und die<br \/>Wartung unserer Webseite als Auftragsverarbeiter t\u00e4tig werden.<\/p>\t\t\t\t<\/div>\n\t\t\t\t<\/div>\n\t\t\t\t<div class=\"elementor-element elementor-element-e672c2f elementor-widget elementor-widget-heading\" data-id=\"e672c2f\" data-element_type=\"widget\" data-widget_type=\"heading.default\">\n\t\t\t\t<div class=\"elementor-widget-container\">\n\t\t\t\t\t<p class=\"elementor-heading-title elementor-size-default\"><b>Speicherdauer:<\/b><br \/>Die Daten werden gel\u00f6scht, sobald diese f\u00fcr den Zweck der Erhebung nicht<br \/> mehr erforderlich sind. Dies ist f\u00fcr die Daten, die der Bereitstellung der Website <br \/>dienen, grunds\u00e4tzlich der Fall, wenn die jeweilige Sitzung beendet ist.<\/p>\t\t\t\t<\/div>\n\t\t\t\t<\/div>\n\t\t\t\t<div class=\"elementor-element elementor-element-e502899 elementor-widget elementor-widget-heading\" data-id=\"e502899\" data-element_type=\"widget\" data-widget_type=\"heading.default\">\n\t\t\t\t<div class=\"elementor-widget-container\">\n\t\t\t\t\t<p class=\"elementor-heading-title elementor-size-default\"><b>Bereitstellung vorgeschrieben oder erforderlich\n:<\/b><br \/>Die Bereitstellung der vorgenannten personenbezogenen Daten ist weder<br \/> gesetzlich noch vertraglich vorgeschrieben. Ohne die IP-Adresse ist jedoch der <br \/>Dienst und die Funktionsf\u00e4higkeit unserer Website nicht gew\u00e4hrleistet. Zudem<br \/> k\u00f6nnen einzelne Dienste und Services nicht verf\u00fcgbar oder eingeschr\u00e4nkt sein. <br \/>Aus diesem Grund ist ein Widerspruch ausgeschlossen.<\/p>\t\t\t\t<\/div>\n\t\t\t\t<\/div>\n\t\t\t\t<div class=\"elementor-element elementor-element-713caf8 elementor-widget elementor-widget-text-editor\" data-id=\"713caf8\" data-element_type=\"widget\" data-widget_type=\"text-editor.default\">\n\t\t\t\t<div class=\"elementor-widget-container\">\n\t\t\t\t\t\t\t\t\t<p><strong><u>Betroffenenrechte<\/u><\/strong><\/p><p><strong>Sie haben uns gegen\u00fcber folgende Rechte hinsichtlich der Sie betreffenden personenbezogenen Daten: <\/strong><\/p><p>&#8211; Recht auf Auskunft (Art. 15 DSGVO)<\/p><p>&#8211; Recht auf Berichtigung (Art. 16 DSGVO) oder L\u00f6schung (Art. 17 DSGVO)<\/p><p>&#8211; Recht auf Einschr\u00e4nkung der Verarbeitung (Art. 18 DSGVO)<\/p><p>&#8211; Recht auf Widerspruch gegen die Verarbeitung (Art. 21 DSGVO)<\/p><p>&#8211; Recht auf Daten\u00fcbertragbarkeit (Art. 20 DSGVO)<\/p><p>&#8211; Recht, eine erteilte Einwilligung jederzeit zu widerrufen (Art. 7 Abs. 3 DSGVO)<\/p><p>&#8211; Recht, sich bei einer Datenschutz-Aufsichtsbeh\u00f6rde \u00fcber die Verarbeitung Ihrer personenbezogenen Daten durch uns zu beschweren (Art. 77 DSGVO)<\/p><p>Sie k\u00f6nnen diese Rechte auf jedem von uns angebotenen oben angegebenen<\/p><p>Kommunikationsweg geltend machen.<\/p>\t\t\t\t\t\t\t\t<\/div>\n\t\t\t\t<\/div>\n\t\t\t\t\t<\/div>\n\t\t<\/div>\n\t\t\t\t\t<\/div>\n\t\t<\/section>\n\t\t\t\t\t<\/div>\n\t\t<\/div>\n\t\t\t\t\t<\/div>\n\t\t<\/section>\n\t\t\t\t<\/div>","protected":false},"excerpt":{"rendered":"<p>Datenschutzerkl\u00e4rung: Verantwortlicher im Sinne der Datenschutzgesetze, insbesondere der EU-Datenschutzgrundverordnung (DSGVO), ist: Frank Haller Hobrechtsrasse 58 12047 Berlin Telefon: +49 (0)15229583777 E-mail: info@zielfilm.com Umsatzsteueridentifikationsnummer: DE24864277 Erfassung allgemeiner Informationen beim Besuch unserer Website: Wir m\u00f6chten Sie in \u00dcbereinstimmung mit unserer gesetzlichen Verpflichtung \u00fcber die Erhebung und Verwendung Ihrer personenbezogenen Daten informieren. Art und Zweck der Verarbeitung: Wenn [&hellip;]<\/p>","protected":false},"author":1,"featured_media":0,"parent":0,"menu_order":0,"comment_status":"closed","ping_status":"closed","template":"elementor_header_footer","meta":{"om_disable_all_campaigns":false,"_monsterinsights_skip_tracking":false,"_monsterinsights_sitenote_active":false,"_monsterinsights_sitenote_note":"","_monsterinsights_sitenote_category":0,"footnotes":""},"blocksy_meta":[],"aioseo_notices":[],"_links":{"self":[{"href":"https:\/\/zielfilm.com\/en\/wp-json\/wp\/v2\/pages\/495"}],"collection":[{"href":"https:\/\/zielfilm.com\/en\/wp-json\/wp\/v2\/pages"}],"about":[{"href":"https:\/\/zielfilm.com\/en\/wp-json\/wp\/v2\/types\/page"}],"author":[{"embeddable":true,"href":"https:\/\/zielfilm.com\/en\/wp-json\/wp\/v2\/users\/1"}],"replies":[{"embeddable":true,"href":"https:\/\/zielfilm.com\/en\/wp-json\/wp\/v2\/comments?post=495"}],"version-history":[{"count":9,"href":"https:\/\/zielfilm.com\/en\/wp-json\/wp\/v2\/pages\/495\/revisions"}],"predecessor-version":[{"id":932,"href":"https:\/\/zielfilm.com\/en\/wp-json\/wp\/v2\/pages\/495\/revisions\/932"}],"wp:attachment":[{"href":"https:\/\/zielfilm.com\/en\/wp-json\/wp\/v2\/media?parent=495"}],"curies":[{"name":"wp","href":"https:\/\/api.w.org\/{rel}","templated":true}]}}